{"id":12,"date":"2017-12-30T13:53:38","date_gmt":"2017-12-30T12:53:38","guid":{"rendered":"http:\/\/amfs.org\/?page_id=12"},"modified":"2017-12-30T20:20:31","modified_gmt":"2017-12-30T19:20:31","slug":"qui-sommes-nous","status":"publish","type":"page","link":"https:\/\/amfs.org\/?page_id=12","title":{"rendered":"Qui sommes nous?"},"content":{"rendered":"<p>L&rsquo;association M\u00e9dicale Franco-Syrienne a \u00e9t\u00e9 fond\u00e9e en 1992 par un groupe de m\u00e9decins souhaitant renforcer les liens d&rsquo;amiti\u00e9 entre les communaut\u00e9s m\u00e9dicales de France et de Syrie.<\/p>\n<p>Promouvoir les \u00e9changes, soutenir la recherche dans le domaine m\u00e9dical, poursuivre un programme de formation m\u00e9dicale continue, et redorer le blason de la francophonie font partie de nos objectifs.<\/p>\n<p>A ajouter bien s\u00fbr, le voeu de rassembler dans une association, les nombreux membres de la communaut\u00e9 m\u00e9dicale fran\u00e7aise appr\u00e9ciant la culture syrienne.<\/p>\n<p>Si vous adh\u00e9rez \u00e0 ces principes, alors l&rsquo;A.M.F.S. est faite pour vous.<\/p>\n","protected":false},"excerpt":{"rendered":"<p>L&rsquo;association M\u00e9dicale Franco-Syrienne a \u00e9t\u00e9 fond\u00e9e en 1992 par un groupe de m\u00e9decins souhaitant renforcer les liens d&rsquo;amiti\u00e9 entre les communaut\u00e9s m\u00e9dicales de France et de Syrie. Promouvoir les \u00e9changes, soutenir la recherche dans le domaine m\u00e9dical, poursuivre un programme de formation m\u00e9dicale continue, et redorer le blason de la francophonie font partie de nos &hellip; <\/p>\n<p class=\"link-more\"><a href=\"https:\/\/amfs.org\/?page_id=12\" class=\"more-link\">Continuer la lecture<span class=\"screen-reader-text\"> de &laquo;&nbsp;Qui sommes nous?&nbsp;&raquo;<\/span><\/a><\/p>\n","protected":false},"author":4,"featured_media":121,"parent":0,"menu_order":0,"comment_status":"closed","ping_status":"closed","template":"","meta":{"footnotes":""},"class_list":["post-12","page","type-page","status-publish","has-post-thumbnail","hentry"],"_links":{"self":[{"href":"https:\/\/amfs.org\/index.php?rest_route=\/wp\/v2\/pages\/12","targetHints":{"allow":["GET"]}}],"collection":[{"href":"https:\/\/amfs.org\/index.php?rest_route=\/wp\/v2\/pages"}],"about":[{"href":"https:\/\/amfs.org\/index.php?rest_route=\/wp\/v2\/types\/page"}],"author":[{"embeddable":true,"href":"https:\/\/amfs.org\/index.php?rest_route=\/wp\/v2\/users\/4"}],"replies":[{"embeddable":true,"href":"https:\/\/amfs.org\/index.php?rest_route=%2Fwp%2Fv2%2Fcomments&post=12"}],"version-history":[{"count":1,"href":"https:\/\/amfs.org\/index.php?rest_route=\/wp\/v2\/pages\/12\/revisions"}],"predecessor-version":[{"id":130,"href":"https:\/\/amfs.org\/index.php?rest_route=\/wp\/v2\/pages\/12\/revisions\/130"}],"wp:featuredmedia":[{"embeddable":true,"href":"https:\/\/amfs.org\/index.php?rest_route=\/wp\/v2\/media\/121"}],"wp:attachment":[{"href":"https:\/\/amfs.org\/index.php?rest_route=%2Fwp%2Fv2%2Fmedia&parent=12"}],"curies":[{"name":"wp","href":"https:\/\/api.w.org\/{rel}","templated":true}]}}