{"id":18,"date":"2017-12-30T13:56:10","date_gmt":"2017-12-30T12:56:10","guid":{"rendered":"http:\/\/amfs.org\/?page_id=18"},"modified":"2025-07-06T10:48:33","modified_gmt":"2025-07-06T08:48:33","slug":"conseil-dadministration","status":"publish","type":"page","link":"https:\/\/amfs.org\/?page_id=18","title":{"rendered":"Conseil d&rsquo;administration"},"content":{"rendered":"\n<h1 class=\"wp-block-heading\"><span style=\"font-size: large;\"><strong>MEMBRES DU BUREAU DE L\u2019ASSOCIATION M\u00c9DICALE FRANCO-SYRIENNE<\/strong><\/span><\/h1>\n\n\n\n<p><strong>Pr\u00e9sident<\/strong><br>Dr Maher DAOUD<\/p>\n\n\n\n<p><strong>Vice-pr\u00e9sident<\/strong><br>Dr Abdo SALLOUM<\/p>\n\n\n\n<p><strong>Secr\u00e9taire g\u00e9n\u00e9ral<\/strong><br>Dr Sarkis TAIFOUR<\/p>\n\n\n\n<p><strong>Secr\u00e9taire adjoint<\/strong><br>Dr Eiad BOUZ<\/p>\n\n\n\n<p><strong>Tr\u00e9sorier<\/strong><br>Dr Yasser KHAZNADAR<\/p>\n\n\n\n<p><strong>Tr\u00e9sorier adjoint<\/strong><br>Dr Sabine SALLOUM-ASSOUAD<\/p>\n\n\n\n<p><strong>Membres<\/strong><\/p>\n\n\n\n<p>Dr Fadi AL DERZI<\/p>\n\n\n\n<p>Dr Maen AL ISSA<\/p>\n\n\n\n<p>Dr Joseph BASIL<\/p>\n\n\n\n<p>Dr Tamam CHAHID<\/p>\n\n\n\n<p>Dr Alain DAHBAR<\/p>\n\n\n\n<p>Dr Widah JABOUR<\/p>\n\n\n\n<p>Dr Saib JAIOUCH<\/p>\n\n\n\n<p>Dr Ghaidaa NASSER<\/p>\n\n\n\n<p>Dr Firas ZREIQY<br><\/p>\n\n\n\n<p><strong>Anciens Pr\u00e9sidents<\/strong><\/p>\n\n\n\n<p><strong>Dr Fayez HOCHE<br>Dr Hayssam BAKDACHE<br>Dr Hayel FALLOUH<br>Dr Bachar NAAMANI<\/strong><\/p>\n\n\n\n<p><\/p>\n","protected":false},"excerpt":{"rendered":"<p>MEMBRES DU BUREAU DE L\u2019ASSOCIATION M\u00c9DICALE FRANCO-SYRIENNE Pr\u00e9sidentDr Maher DAOUD Vice-pr\u00e9sidentDr Abdo SALLOUM Secr\u00e9taire g\u00e9n\u00e9ralDr Sarkis TAIFOUR Secr\u00e9taire adjointDr Eiad BOUZ Tr\u00e9sorierDr Yasser KHAZNADAR Tr\u00e9sorier adjointDr Sabine SALLOUM-ASSOUAD Membres Dr Fadi AL DERZI Dr Maen AL ISSA Dr Joseph BASIL Dr Tamam CHAHID Dr Alain DAHBAR Dr Widah JABOUR Dr Saib JAIOUCH Dr Ghaidaa NASSER &hellip; <\/p>\n<p class=\"link-more\"><a href=\"https:\/\/amfs.org\/?page_id=18\" class=\"more-link\">Continuer la lecture<span class=\"screen-reader-text\"> de &laquo;&nbsp;Conseil d&rsquo;administration&nbsp;&raquo;<\/span><\/a><\/p>\n","protected":false},"author":4,"featured_media":336,"parent":0,"menu_order":0,"comment_status":"closed","ping_status":"closed","template":"","meta":{"footnotes":""},"class_list":["post-18","page","type-page","status-publish","has-post-thumbnail","hentry"],"_links":{"self":[{"href":"https:\/\/amfs.org\/index.php?rest_route=\/wp\/v2\/pages\/18","targetHints":{"allow":["GET"]}}],"collection":[{"href":"https:\/\/amfs.org\/index.php?rest_route=\/wp\/v2\/pages"}],"about":[{"href":"https:\/\/amfs.org\/index.php?rest_route=\/wp\/v2\/types\/page"}],"author":[{"embeddable":true,"href":"https:\/\/amfs.org\/index.php?rest_route=\/wp\/v2\/users\/4"}],"replies":[{"embeddable":true,"href":"https:\/\/amfs.org\/index.php?rest_route=%2Fwp%2Fv2%2Fcomments&post=18"}],"version-history":[{"count":10,"href":"https:\/\/amfs.org\/index.php?rest_route=\/wp\/v2\/pages\/18\/revisions"}],"predecessor-version":[{"id":794,"href":"https:\/\/amfs.org\/index.php?rest_route=\/wp\/v2\/pages\/18\/revisions\/794"}],"wp:featuredmedia":[{"embeddable":true,"href":"https:\/\/amfs.org\/index.php?rest_route=\/wp\/v2\/media\/336"}],"wp:attachment":[{"href":"https:\/\/amfs.org\/index.php?rest_route=%2Fwp%2Fv2%2Fmedia&parent=18"}],"curies":[{"name":"wp","href":"https:\/\/api.w.org\/{rel}","templated":true}]}}