{"id":31,"date":"2017-12-30T13:56:16","date_gmt":"2017-12-30T12:56:16","guid":{"rendered":"http:\/\/amfs.org\/?page_id=31"},"modified":"2025-07-06T09:46:24","modified_gmt":"2025-07-06T07:46:24","slug":"bulletinadhesion","status":"publish","type":"page","link":"https:\/\/amfs.org\/?page_id=31","title":{"rendered":"bulletin adh\u00e9sion"},"content":{"rendered":"\n<p><strong><a href=\"https:\/\/www.helloasso.com\/associations\/association-medicale-franco-syrienne\/adhesions\/adhesion-1ere-fois-ou-renouvellement-annuelle\" target=\"_blank\" rel=\"noreferrer noopener\">Adh\u00e9sion et renouvellement par voie d\u00e9mat\u00e9rialis\u00e9e<\/a><\/strong><\/p>\n\n\n\n<figure class=\"wp-block-image size-full is-resized is-style-default\"><a href=\"https:\/\/www.helloasso.com\/associations\/association-medicale-franco-syrienne\/adhesions\/adhesion-1ere-fois-ou-renouvellement-annuelle\"><img loading=\"lazy\" decoding=\"async\" width=\"591\" height=\"591\" src=\"http:\/\/amfs.org\/wp-content\/uploads\/2023\/02\/two-finger-touch_484_g.jpeg\" alt=\"\" class=\"wp-image-642\" style=\"width:86px;height:86px\" srcset=\"https:\/\/amfs.org\/wp-content\/uploads\/2023\/02\/two-finger-touch_484_g.jpeg 591w, https:\/\/amfs.org\/wp-content\/uploads\/2023\/02\/two-finger-touch_484_g-300x300.jpeg 300w, https:\/\/amfs.org\/wp-content\/uploads\/2023\/02\/two-finger-touch_484_g-150x150.jpeg 150w, https:\/\/amfs.org\/wp-content\/uploads\/2023\/02\/two-finger-touch_484_g-100x100.jpeg 100w\" sizes=\"auto, (max-width: 591px) 100vw, 591px\" \/><\/a><\/figure>\n\n\n\n<p><\/p>\n\n\n\n<p><\/p>\n\n\n<p>Par voie postale:<\/p>\n<p><a href=\"http:\/\/amfs.org\/wp-content\/uploads\/2025\/07\/Bulletin-dadhesion-AMFS-juillet-2025.pdf\">Pour adh\u00e9rer \u00e0 l\u2019association, t\u00e9l\u00e9charger le bulletin d\u2019adh\u00e9sion\u00a0<\/a>ici,\u00a0\u00a0l\u2019imprimer, le remplir lisiblement, puis l\u2019envoyer par courrier avec votre r\u00e8glement par ch\u00e8que bancaire, au si\u00e8ge de l\u2019association :<\/p>\n<p style=\"text-align: center;\"><strong>AMFS<\/strong><\/p>\n<p style=\"text-align: center;\"><strong>15,rue de Fleurance<\/strong><\/p>\n<p style=\"text-align: center;\"><strong>95520 OSNY<\/strong><\/p>","protected":false},"excerpt":{"rendered":"<p>Adh\u00e9sion et renouvellement par voie d\u00e9mat\u00e9rialis\u00e9e Par voie postale: Pour adh\u00e9rer \u00e0 l\u2019association, t\u00e9l\u00e9charger le bulletin d\u2019adh\u00e9sion\u00a0ici,\u00a0\u00a0l\u2019imprimer, le remplir lisiblement, puis l\u2019envoyer par courrier avec votre r\u00e8glement par ch\u00e8que bancaire, au si\u00e8ge de l\u2019association : AMFS 15,rue de Fleurance 95520 OSNY<\/p>\n","protected":false},"author":4,"featured_media":120,"parent":0,"menu_order":0,"comment_status":"closed","ping_status":"closed","template":"","meta":{"footnotes":""},"class_list":["post-31","page","type-page","status-publish","has-post-thumbnail","hentry"],"_links":{"self":[{"href":"https:\/\/amfs.org\/index.php?rest_route=\/wp\/v2\/pages\/31","targetHints":{"allow":["GET"]}}],"collection":[{"href":"https:\/\/amfs.org\/index.php?rest_route=\/wp\/v2\/pages"}],"about":[{"href":"https:\/\/amfs.org\/index.php?rest_route=\/wp\/v2\/types\/page"}],"author":[{"embeddable":true,"href":"https:\/\/amfs.org\/index.php?rest_route=\/wp\/v2\/users\/4"}],"replies":[{"embeddable":true,"href":"https:\/\/amfs.org\/index.php?rest_route=%2Fwp%2Fv2%2Fcomments&post=31"}],"version-history":[{"count":17,"href":"https:\/\/amfs.org\/index.php?rest_route=\/wp\/v2\/pages\/31\/revisions"}],"predecessor-version":[{"id":770,"href":"https:\/\/amfs.org\/index.php?rest_route=\/wp\/v2\/pages\/31\/revisions\/770"}],"wp:featuredmedia":[{"embeddable":true,"href":"https:\/\/amfs.org\/index.php?rest_route=\/wp\/v2\/media\/120"}],"wp:attachment":[{"href":"https:\/\/amfs.org\/index.php?rest_route=%2Fwp%2Fv2%2Fmedia&parent=31"}],"curies":[{"name":"wp","href":"https:\/\/api.w.org\/{rel}","templated":true}]}}