{"id":44,"date":"2017-12-30T13:56:24","date_gmt":"2017-12-30T12:56:24","guid":{"rendered":"http:\/\/amfs.org\/?page_id=44"},"modified":"2018-12-20T19:11:23","modified_gmt":"2018-12-20T18:11:23","slug":"contact-2","status":"publish","type":"page","link":"https:\/\/amfs.org\/?page_id=44","title":{"rendered":"Contact"},"content":{"rendered":"<p>Pour adh\u00e9rer \u00e0 l&rsquo;association, t\u00e9l\u00e9charger le bulletin d&rsquo;adh\u00e9sion <a href=\"http:\/\/amfs.org\/wp-content\/uploads\/2018\/12\/en-t\u00eate-AMFS-avec-bulletin-adhesion-2019.pdf\">ici<\/a>\u00a0l&rsquo;imprimer, le remplir lisiblement, puis l&rsquo;envoyer par courrier avec votre r\u00e9glement par ch\u00e8que bancaire, au si\u00e8ge de l&rsquo;association:<\/p>\n<p style=\"text-align: center;\"><strong>AMFS<\/strong><\/p>\n<p style=\"text-align: center;\"><strong>15,rue de Fleurance<\/strong><\/p>\n<p style=\"text-align: center;\"><strong>95520 OSNY<\/strong><\/p>\n<p style=\"text-align: left;\">Fax: +33(0)1 30 17 08 76<\/p>\n<p style=\"text-align: left;\">Courriel: contact@amfs.org<\/p>\n","protected":false},"excerpt":{"rendered":"<p>Pour adh\u00e9rer \u00e0 l&rsquo;association, t\u00e9l\u00e9charger le bulletin d&rsquo;adh\u00e9sion ici\u00a0l&rsquo;imprimer, le remplir lisiblement, puis l&rsquo;envoyer par courrier avec votre r\u00e9glement par ch\u00e8que bancaire, au si\u00e8ge de l&rsquo;association: AMFS 15,rue de Fleurance 95520 OSNY Fax: +33(0)1 30 17 08 76 Courriel: contact@amfs.org<\/p>\n","protected":false},"author":4,"featured_media":116,"parent":0,"menu_order":0,"comment_status":"closed","ping_status":"closed","template":"","meta":{"footnotes":""},"class_list":["post-44","page","type-page","status-publish","has-post-thumbnail","hentry"],"_links":{"self":[{"href":"https:\/\/amfs.org\/index.php?rest_route=\/wp\/v2\/pages\/44","targetHints":{"allow":["GET"]}}],"collection":[{"href":"https:\/\/amfs.org\/index.php?rest_route=\/wp\/v2\/pages"}],"about":[{"href":"https:\/\/amfs.org\/index.php?rest_route=\/wp\/v2\/types\/page"}],"author":[{"embeddable":true,"href":"https:\/\/amfs.org\/index.php?rest_route=\/wp\/v2\/users\/4"}],"replies":[{"embeddable":true,"href":"https:\/\/amfs.org\/index.php?rest_route=%2Fwp%2Fv2%2Fcomments&post=44"}],"version-history":[{"count":3,"href":"https:\/\/amfs.org\/index.php?rest_route=\/wp\/v2\/pages\/44\/revisions"}],"predecessor-version":[{"id":395,"href":"https:\/\/amfs.org\/index.php?rest_route=\/wp\/v2\/pages\/44\/revisions\/395"}],"wp:featuredmedia":[{"embeddable":true,"href":"https:\/\/amfs.org\/index.php?rest_route=\/wp\/v2\/media\/116"}],"wp:attachment":[{"href":"https:\/\/amfs.org\/index.php?rest_route=%2Fwp%2Fv2%2Fmedia&parent=44"}],"curies":[{"name":"wp","href":"https:\/\/api.w.org\/{rel}","templated":true}]}}